{"id":359,"date":"2017-12-14T07:01:20","date_gmt":"2017-12-14T06:01:20","guid":{"rendered":"https:\/\/www.stefanschwab.ch\/kontakt\/"},"modified":"2022-05-28T10:28:29","modified_gmt":"2022-05-28T08:28:29","slug":"contact","status":"publish","type":"page","link":"https:\/\/www.stefanschwab.ch\/fr\/contact\/","title":{"rendered":"Contact"},"content":{"rendered":"<p><strong>Stefan Schwab<\/strong><br \/>\nInvestisseur dans des entreprises des secteurs high-tech et medtech avec la soci\u00e9t\u00e9 Linoa Holding, pr\u00e9sident du conseil d&rsquo;administration des entreprises Schwab-Feller et KREANDO.<\/p>\n","protected":false},"excerpt":{"rendered":"<p>Stefan Schwab Investisseur dans des entreprises des secteurs high-tech et medtech avec la soci\u00e9t\u00e9 Linoa Holding, pr\u00e9sident du conseil d&rsquo;administration des entreprises Schwab-Feller et KREANDO.<\/p>\n","protected":false},"author":3,"featured_media":0,"parent":0,"menu_order":14,"comment_status":"closed","ping_status":"closed","template":"footer.php","meta":{"footnotes":""},"class_list":["post-359","page","type-page","status-publish","hentry"],"yoast_head":"<!-- This site is optimized with the Yoast SEO plugin v26.7 - https:\/\/yoast.com\/wordpress\/plugins\/seo\/ -->\n<title>Stefan Schwab - contact - Suisse<\/title>\n<meta name=\"description\" content=\"Vous aimez ma philosophie et souhaitez me poser des questions, partager vos id\u00e9es ou me pr\u00e9senter des projets innovants\u2009? Contactez-moi. Stefan Schwab.\" \/>\n<meta name=\"robots\" content=\"index, follow, max-snippet:-1, max-image-preview:large, max-video-preview:-1\" \/>\n<link rel=\"canonical\" href=\"https:\/\/www.stefanschwab.ch\/fr\/contact\/\" \/>\n<meta property=\"og:locale\" content=\"fr_FR\" \/>\n<meta property=\"og:type\" content=\"article\" \/>\n<meta property=\"og:title\" content=\"Stefan Schwab - contact - Suisse\" \/>\n<meta property=\"og:description\" content=\"Vous aimez ma philosophie et souhaitez me poser des questions, partager vos id\u00e9es ou me pr\u00e9senter des projets innovants\u2009? Contactez-moi. Stefan Schwab.\" \/>\n<meta property=\"og:url\" content=\"https:\/\/www.stefanschwab.ch\/fr\/contact\/\" \/>\n<meta property=\"og:site_name\" content=\"Stefan Schwab\" \/>\n<meta property=\"article:modified_time\" content=\"2022-05-28T08:28:29+00:00\" \/>\n<meta property=\"og:image\" content=\"https:\/\/www.stefanschwab.ch\/wp-content\/uploads\/2018\/02\/logoschwab.png\" \/>\n\t<meta property=\"og:image:width\" content=\"1200\" \/>\n\t<meta property=\"og:image:height\" content=\"630\" \/>\n\t<meta property=\"og:image:type\" content=\"image\/png\" \/>\n<meta name=\"twitter:card\" content=\"summary_large_image\" \/>\n<script type=\"application\/ld+json\" class=\"yoast-schema-graph\">{\"@context\":\"https:\/\/schema.org\",\"@graph\":[{\"@type\":\"WebPage\",\"@id\":\"https:\/\/www.stefanschwab.ch\/fr\/contact\/\",\"url\":\"https:\/\/www.stefanschwab.ch\/fr\/contact\/\",\"name\":\"Stefan Schwab - contact - Suisse\",\"isPartOf\":{\"@id\":\"https:\/\/www.stefanschwab.ch\/#website\"},\"datePublished\":\"2017-12-14T06:01:20+00:00\",\"dateModified\":\"2022-05-28T08:28:29+00:00\",\"description\":\"Vous aimez ma philosophie et souhaitez me poser des questions, partager vos id\u00e9es ou me pr\u00e9senter des projets innovants\u2009? Contactez-moi. Stefan Schwab.\",\"breadcrumb\":{\"@id\":\"https:\/\/www.stefanschwab.ch\/fr\/contact\/#breadcrumb\"},\"inLanguage\":\"fr-FR\",\"potentialAction\":[{\"@type\":\"ReadAction\",\"target\":[\"https:\/\/www.stefanschwab.ch\/fr\/contact\/\"]}]},{\"@type\":\"BreadcrumbList\",\"@id\":\"https:\/\/www.stefanschwab.ch\/fr\/contact\/#breadcrumb\",\"itemListElement\":[{\"@type\":\"ListItem\",\"position\":1,\"name\":\"Startseite\",\"item\":\"https:\/\/www.stefanschwab.ch\/fr\/\"},{\"@type\":\"ListItem\",\"position\":2,\"name\":\"Contact\"}]},{\"@type\":\"WebSite\",\"@id\":\"https:\/\/www.stefanschwab.ch\/#website\",\"url\":\"https:\/\/www.stefanschwab.ch\/\",\"name\":\"Stefan Schwab\",\"description\":\"Stefan Schwab ist Investor in Hightech- und Medtech-Unternehmen mit der Linoa Holding AG. Er ist Verwaltungsratspr\u00e4sident und CEO der Schwab-Feller AG und Verwaltungsratspr\u00e4sident von KREANDO.\",\"potentialAction\":[{\"@type\":\"SearchAction\",\"target\":{\"@type\":\"EntryPoint\",\"urlTemplate\":\"https:\/\/www.stefanschwab.ch\/?s={search_term_string}\"},\"query-input\":{\"@type\":\"PropertyValueSpecification\",\"valueRequired\":true,\"valueName\":\"search_term_string\"}}],\"inLanguage\":\"fr-FR\"}]}<\/script>\n<!-- \/ Yoast SEO plugin. -->","yoast_head_json":{"title":"Stefan Schwab - contact - Suisse","description":"Vous aimez ma philosophie et souhaitez me poser des questions, partager vos id\u00e9es ou me pr\u00e9senter des projets innovants\u2009? Contactez-moi. Stefan Schwab.","robots":{"index":"index","follow":"follow","max-snippet":"max-snippet:-1","max-image-preview":"max-image-preview:large","max-video-preview":"max-video-preview:-1"},"canonical":"https:\/\/www.stefanschwab.ch\/fr\/contact\/","og_locale":"fr_FR","og_type":"article","og_title":"Stefan Schwab - contact - Suisse","og_description":"Vous aimez ma philosophie et souhaitez me poser des questions, partager vos id\u00e9es ou me pr\u00e9senter des projets innovants\u2009? Contactez-moi. Stefan Schwab.","og_url":"https:\/\/www.stefanschwab.ch\/fr\/contact\/","og_site_name":"Stefan Schwab","article_modified_time":"2022-05-28T08:28:29+00:00","og_image":[{"width":1200,"height":630,"url":"https:\/\/www.stefanschwab.ch\/wp-content\/uploads\/2018\/02\/logoschwab.png","type":"image\/png"}],"twitter_card":"summary_large_image","schema":{"@context":"https:\/\/schema.org","@graph":[{"@type":"WebPage","@id":"https:\/\/www.stefanschwab.ch\/fr\/contact\/","url":"https:\/\/www.stefanschwab.ch\/fr\/contact\/","name":"Stefan Schwab - contact - Suisse","isPartOf":{"@id":"https:\/\/www.stefanschwab.ch\/#website"},"datePublished":"2017-12-14T06:01:20+00:00","dateModified":"2022-05-28T08:28:29+00:00","description":"Vous aimez ma philosophie et souhaitez me poser des questions, partager vos id\u00e9es ou me pr\u00e9senter des projets innovants\u2009? Contactez-moi. Stefan Schwab.","breadcrumb":{"@id":"https:\/\/www.stefanschwab.ch\/fr\/contact\/#breadcrumb"},"inLanguage":"fr-FR","potentialAction":[{"@type":"ReadAction","target":["https:\/\/www.stefanschwab.ch\/fr\/contact\/"]}]},{"@type":"BreadcrumbList","@id":"https:\/\/www.stefanschwab.ch\/fr\/contact\/#breadcrumb","itemListElement":[{"@type":"ListItem","position":1,"name":"Startseite","item":"https:\/\/www.stefanschwab.ch\/fr\/"},{"@type":"ListItem","position":2,"name":"Contact"}]},{"@type":"WebSite","@id":"https:\/\/www.stefanschwab.ch\/#website","url":"https:\/\/www.stefanschwab.ch\/","name":"Stefan Schwab","description":"Stefan Schwab ist Investor in Hightech- und Medtech-Unternehmen mit der Linoa Holding AG. Er ist Verwaltungsratspr\u00e4sident und CEO der Schwab-Feller AG und Verwaltungsratspr\u00e4sident von KREANDO.","potentialAction":[{"@type":"SearchAction","target":{"@type":"EntryPoint","urlTemplate":"https:\/\/www.stefanschwab.ch\/?s={search_term_string}"},"query-input":{"@type":"PropertyValueSpecification","valueRequired":true,"valueName":"search_term_string"}}],"inLanguage":"fr-FR"}]}},"_links":{"self":[{"href":"https:\/\/www.stefanschwab.ch\/fr\/wp-json\/wp\/v2\/pages\/359","targetHints":{"allow":["GET"]}}],"collection":[{"href":"https:\/\/www.stefanschwab.ch\/fr\/wp-json\/wp\/v2\/pages"}],"about":[{"href":"https:\/\/www.stefanschwab.ch\/fr\/wp-json\/wp\/v2\/types\/page"}],"author":[{"embeddable":true,"href":"https:\/\/www.stefanschwab.ch\/fr\/wp-json\/wp\/v2\/users\/3"}],"replies":[{"embeddable":true,"href":"https:\/\/www.stefanschwab.ch\/fr\/wp-json\/wp\/v2\/comments?post=359"}],"version-history":[{"count":5,"href":"https:\/\/www.stefanschwab.ch\/fr\/wp-json\/wp\/v2\/pages\/359\/revisions"}],"predecessor-version":[{"id":655,"href":"https:\/\/www.stefanschwab.ch\/fr\/wp-json\/wp\/v2\/pages\/359\/revisions\/655"}],"wp:attachment":[{"href":"https:\/\/www.stefanschwab.ch\/fr\/wp-json\/wp\/v2\/media?parent=359"}],"curies":[{"name":"wp","href":"https:\/\/api.w.org\/{rel}","templated":true}]}}