{"id":356,"date":"2017-12-07T19:44:46","date_gmt":"2017-12-07T18:44:46","guid":{"rendered":"https:\/\/www.stefanschwab.ch\/medien\/"},"modified":"2018-03-13T11:00:37","modified_gmt":"2018-03-13T10:00:37","slug":"medias","status":"publish","type":"page","link":"https:\/\/www.stefanschwab.ch\/fr\/medias\/","title":{"rendered":"Medias"},"content":{"rendered":"<p>Vous trouverez des photos de Stefan Schwab, une fiche d&rsquo;information le concernant ainsi que le logo de Linoa Holding AG dans le dossier \u00ab\u2009m\u00e9dias\u2009\u00bb. Ici vous trouverez les <a href=\"#contact\">coordonn\u00e9es de contact<\/a>.<\/p>\n","protected":false},"excerpt":{"rendered":"<p>Vous trouverez des photos de Stefan Schwab, une fiche d&rsquo;information le concernant ainsi que le logo de Linoa Holding AG dans le dossier \u00ab\u2009m\u00e9dias\u2009\u00bb. Ici vous trouverez les coordonn\u00e9es de contact.<\/p>\n","protected":false},"author":3,"featured_media":0,"parent":0,"menu_order":13,"comment_status":"closed","ping_status":"closed","template":"page-medien.php","meta":{"footnotes":""},"class_list":["post-356","page","type-page","status-publish","hentry"],"yoast_head":"<!-- This site is optimized with the Yoast SEO plugin v26.7 - https:\/\/yoast.com\/wordpress\/plugins\/seo\/ -->\n<title>Stefan Schwab &amp; Linoa Holding AG - m\u00e9dias, informations, logo<\/title>\n<meta name=\"description\" content=\"Les professionnels des m\u00e9dias peuvent t\u00e9l\u00e9charger des informations et des photos concernant Stefan Schwab et Linoa Holding AG ainsi que le logo de la soci\u00e9t\u00e9 dans le dossier m\u00e9dias. Nous sommes \u00e0 votre disposition pour toute question concernant l&#039;entreprise.\" \/>\n<meta name=\"robots\" content=\"index, follow, max-snippet:-1, max-image-preview:large, max-video-preview:-1\" \/>\n<link rel=\"canonical\" href=\"https:\/\/www.stefanschwab.ch\/fr\/medias\/\" \/>\n<meta property=\"og:locale\" content=\"fr_FR\" \/>\n<meta property=\"og:type\" content=\"article\" \/>\n<meta property=\"og:title\" content=\"Stefan Schwab &amp; Linoa Holding AG - m\u00e9dias, informations, logo\" \/>\n<meta property=\"og:description\" content=\"Les professionnels des m\u00e9dias peuvent t\u00e9l\u00e9charger des informations et des photos concernant Stefan Schwab et Linoa Holding AG ainsi que le logo de la soci\u00e9t\u00e9 dans le dossier m\u00e9dias. Nous sommes \u00e0 votre disposition pour toute question concernant l&#039;entreprise.\" \/>\n<meta property=\"og:url\" content=\"https:\/\/www.stefanschwab.ch\/fr\/medias\/\" \/>\n<meta property=\"og:site_name\" content=\"Stefan Schwab\" \/>\n<meta property=\"article:modified_time\" content=\"2018-03-13T10:00:37+00:00\" \/>\n<meta property=\"og:image\" content=\"https:\/\/www.stefanschwab.ch\/wp-content\/uploads\/2018\/02\/logoschwab.png\" \/>\n\t<meta property=\"og:image:width\" content=\"1200\" \/>\n\t<meta property=\"og:image:height\" content=\"630\" \/>\n\t<meta property=\"og:image:type\" content=\"image\/png\" \/>\n<meta name=\"twitter:card\" content=\"summary_large_image\" \/>\n<script type=\"application\/ld+json\" class=\"yoast-schema-graph\">{\"@context\":\"https:\/\/schema.org\",\"@graph\":[{\"@type\":\"WebPage\",\"@id\":\"https:\/\/www.stefanschwab.ch\/fr\/medias\/\",\"url\":\"https:\/\/www.stefanschwab.ch\/fr\/medias\/\",\"name\":\"Stefan Schwab & Linoa Holding AG - m\u00e9dias, informations, logo\",\"isPartOf\":{\"@id\":\"https:\/\/www.stefanschwab.ch\/#website\"},\"datePublished\":\"2017-12-07T18:44:46+00:00\",\"dateModified\":\"2018-03-13T10:00:37+00:00\",\"description\":\"Les professionnels des m\u00e9dias peuvent t\u00e9l\u00e9charger des informations et des photos concernant Stefan Schwab et Linoa Holding AG ainsi que le logo de la soci\u00e9t\u00e9 dans le dossier m\u00e9dias. Nous sommes \u00e0 votre disposition pour toute question concernant l'entreprise.\",\"breadcrumb\":{\"@id\":\"https:\/\/www.stefanschwab.ch\/fr\/medias\/#breadcrumb\"},\"inLanguage\":\"fr-FR\",\"potentialAction\":[{\"@type\":\"ReadAction\",\"target\":[\"https:\/\/www.stefanschwab.ch\/fr\/medias\/\"]}]},{\"@type\":\"BreadcrumbList\",\"@id\":\"https:\/\/www.stefanschwab.ch\/fr\/medias\/#breadcrumb\",\"itemListElement\":[{\"@type\":\"ListItem\",\"position\":1,\"name\":\"Startseite\",\"item\":\"https:\/\/www.stefanschwab.ch\/fr\/\"},{\"@type\":\"ListItem\",\"position\":2,\"name\":\"Medias\"}]},{\"@type\":\"WebSite\",\"@id\":\"https:\/\/www.stefanschwab.ch\/#website\",\"url\":\"https:\/\/www.stefanschwab.ch\/\",\"name\":\"Stefan Schwab\",\"description\":\"Stefan Schwab ist Investor in Hightech- und Medtech-Unternehmen mit der Linoa Holding AG. Er ist Verwaltungsratspr\u00e4sident und CEO der Schwab-Feller AG und Verwaltungsratspr\u00e4sident von KREANDO.\",\"potentialAction\":[{\"@type\":\"SearchAction\",\"target\":{\"@type\":\"EntryPoint\",\"urlTemplate\":\"https:\/\/www.stefanschwab.ch\/?s={search_term_string}\"},\"query-input\":{\"@type\":\"PropertyValueSpecification\",\"valueRequired\":true,\"valueName\":\"search_term_string\"}}],\"inLanguage\":\"fr-FR\"}]}<\/script>\n<!-- \/ Yoast SEO plugin. -->","yoast_head_json":{"title":"Stefan Schwab & Linoa Holding AG - m\u00e9dias, informations, logo","description":"Les professionnels des m\u00e9dias peuvent t\u00e9l\u00e9charger des informations et des photos concernant Stefan Schwab et Linoa Holding AG ainsi que le logo de la soci\u00e9t\u00e9 dans le dossier m\u00e9dias. Nous sommes \u00e0 votre disposition pour toute question concernant l'entreprise.","robots":{"index":"index","follow":"follow","max-snippet":"max-snippet:-1","max-image-preview":"max-image-preview:large","max-video-preview":"max-video-preview:-1"},"canonical":"https:\/\/www.stefanschwab.ch\/fr\/medias\/","og_locale":"fr_FR","og_type":"article","og_title":"Stefan Schwab & Linoa Holding AG - m\u00e9dias, informations, logo","og_description":"Les professionnels des m\u00e9dias peuvent t\u00e9l\u00e9charger des informations et des photos concernant Stefan Schwab et Linoa Holding AG ainsi que le logo de la soci\u00e9t\u00e9 dans le dossier m\u00e9dias. Nous sommes \u00e0 votre disposition pour toute question concernant l'entreprise.","og_url":"https:\/\/www.stefanschwab.ch\/fr\/medias\/","og_site_name":"Stefan Schwab","article_modified_time":"2018-03-13T10:00:37+00:00","og_image":[{"width":1200,"height":630,"url":"https:\/\/www.stefanschwab.ch\/wp-content\/uploads\/2018\/02\/logoschwab.png","type":"image\/png"}],"twitter_card":"summary_large_image","schema":{"@context":"https:\/\/schema.org","@graph":[{"@type":"WebPage","@id":"https:\/\/www.stefanschwab.ch\/fr\/medias\/","url":"https:\/\/www.stefanschwab.ch\/fr\/medias\/","name":"Stefan Schwab & Linoa Holding AG - m\u00e9dias, informations, logo","isPartOf":{"@id":"https:\/\/www.stefanschwab.ch\/#website"},"datePublished":"2017-12-07T18:44:46+00:00","dateModified":"2018-03-13T10:00:37+00:00","description":"Les professionnels des m\u00e9dias peuvent t\u00e9l\u00e9charger des informations et des photos concernant Stefan Schwab et Linoa Holding AG ainsi que le logo de la soci\u00e9t\u00e9 dans le dossier m\u00e9dias. Nous sommes \u00e0 votre disposition pour toute question concernant l'entreprise.","breadcrumb":{"@id":"https:\/\/www.stefanschwab.ch\/fr\/medias\/#breadcrumb"},"inLanguage":"fr-FR","potentialAction":[{"@type":"ReadAction","target":["https:\/\/www.stefanschwab.ch\/fr\/medias\/"]}]},{"@type":"BreadcrumbList","@id":"https:\/\/www.stefanschwab.ch\/fr\/medias\/#breadcrumb","itemListElement":[{"@type":"ListItem","position":1,"name":"Startseite","item":"https:\/\/www.stefanschwab.ch\/fr\/"},{"@type":"ListItem","position":2,"name":"Medias"}]},{"@type":"WebSite","@id":"https:\/\/www.stefanschwab.ch\/#website","url":"https:\/\/www.stefanschwab.ch\/","name":"Stefan Schwab","description":"Stefan Schwab ist Investor in Hightech- und Medtech-Unternehmen mit der Linoa Holding AG. Er ist Verwaltungsratspr\u00e4sident und CEO der Schwab-Feller AG und Verwaltungsratspr\u00e4sident von KREANDO.","potentialAction":[{"@type":"SearchAction","target":{"@type":"EntryPoint","urlTemplate":"https:\/\/www.stefanschwab.ch\/?s={search_term_string}"},"query-input":{"@type":"PropertyValueSpecification","valueRequired":true,"valueName":"search_term_string"}}],"inLanguage":"fr-FR"}]}},"_links":{"self":[{"href":"https:\/\/www.stefanschwab.ch\/fr\/wp-json\/wp\/v2\/pages\/356","targetHints":{"allow":["GET"]}}],"collection":[{"href":"https:\/\/www.stefanschwab.ch\/fr\/wp-json\/wp\/v2\/pages"}],"about":[{"href":"https:\/\/www.stefanschwab.ch\/fr\/wp-json\/wp\/v2\/types\/page"}],"author":[{"embeddable":true,"href":"https:\/\/www.stefanschwab.ch\/fr\/wp-json\/wp\/v2\/users\/3"}],"replies":[{"embeddable":true,"href":"https:\/\/www.stefanschwab.ch\/fr\/wp-json\/wp\/v2\/comments?post=356"}],"version-history":[{"count":5,"href":"https:\/\/www.stefanschwab.ch\/fr\/wp-json\/wp\/v2\/pages\/356\/revisions"}],"predecessor-version":[{"id":399,"href":"https:\/\/www.stefanschwab.ch\/fr\/wp-json\/wp\/v2\/pages\/356\/revisions\/399"}],"wp:attachment":[{"href":"https:\/\/www.stefanschwab.ch\/fr\/wp-json\/wp\/v2\/media?parent=356"}],"curies":[{"name":"wp","href":"https:\/\/api.w.org\/{rel}","templated":true}]}}