{"id":344,"date":"2017-12-07T19:43:36","date_gmt":"2017-12-07T18:43:36","guid":{"rendered":"https:\/\/www.stefanschwab.ch\/projekte\/"},"modified":"2018-03-13T11:59:27","modified_gmt":"2018-03-13T10:59:27","slug":"projets","status":"publish","type":"page","link":"https:\/\/www.stefanschwab.ch\/fr\/projets\/","title":{"rendered":"Projets"},"content":{"rendered":"<p>En tant qu&rsquo;investisseur, Stefan Schwab s&rsquo;int\u00e9resse principalement \u00e0 des entreprises en phase de croissance. Il porte moins d&rsquo;int\u00e9r\u00eat aux start-up, ces derni\u00e8res b\u00e9n\u00e9ficiant d\u00e9j\u00e0 d&rsquo;un soutien important en Suisse, et se concentre sur les secteurs de la technologie m\u00e9dicale (medtech) et de la haute technologie (high-tech) ainsi que sur quelques entreprises particuli\u00e8rement innovantes qui lui tiennent \u00e0 c\u0153ur.<\/p>\n","protected":false},"excerpt":{"rendered":"<p>En tant qu&rsquo;investisseur, Stefan Schwab s&rsquo;int\u00e9resse principalement \u00e0 des entreprises en phase de croissance. Il porte moins d&rsquo;int\u00e9r\u00eat aux start-up, ces derni\u00e8res b\u00e9n\u00e9ficiant d\u00e9j\u00e0 d&rsquo;un soutien important en Suisse, et se concentre sur les secteurs de la technologie m\u00e9dicale (medtech) et de la haute technologie (high-tech) ainsi que sur quelques entreprises particuli\u00e8rement innovantes qui lui [&hellip;]<\/p>\n","protected":false},"author":3,"featured_media":0,"parent":0,"menu_order":9,"comment_status":"closed","ping_status":"closed","template":"page-projektuebersicht.php","meta":{"footnotes":""},"class_list":["post-344","page","type-page","status-publish","hentry"],"yoast_head":"<!-- This site is optimized with the Yoast SEO plugin v26.7 - https:\/\/yoast.com\/wordpress\/plugins\/seo\/ -->\n<title>Investissements - haute technologie et technologie m\u00e9dicale<\/title>\n<meta name=\"description\" content=\"Stefan Schwab investit dans des entreprises innovantes en phase de croissance dans les secteurs de la haute technologie et de la technologie m\u00e9dicale ainsi que dans des projets durables qui lui tiennent \u00e0 c\u0153ur. Plus d&#039;informations concernant ses projets sur cette page!\" \/>\n<meta name=\"robots\" content=\"index, follow, max-snippet:-1, max-image-preview:large, max-video-preview:-1\" \/>\n<link rel=\"canonical\" href=\"https:\/\/www.stefanschwab.ch\/fr\/projets\/\" \/>\n<meta property=\"og:locale\" content=\"fr_FR\" \/>\n<meta property=\"og:type\" content=\"article\" \/>\n<meta property=\"og:title\" content=\"Investissements - haute technologie et technologie m\u00e9dicale\" \/>\n<meta property=\"og:description\" content=\"Stefan Schwab investit dans des entreprises innovantes en phase de croissance dans les secteurs de la haute technologie et de la technologie m\u00e9dicale ainsi que dans des projets durables qui lui tiennent \u00e0 c\u0153ur. Plus d&#039;informations concernant ses projets sur cette page!\" \/>\n<meta property=\"og:url\" content=\"https:\/\/www.stefanschwab.ch\/fr\/projets\/\" \/>\n<meta property=\"og:site_name\" content=\"Stefan Schwab\" \/>\n<meta property=\"article:modified_time\" content=\"2018-03-13T10:59:27+00:00\" \/>\n<meta property=\"og:image\" content=\"https:\/\/www.stefanschwab.ch\/wp-content\/uploads\/2018\/02\/logoschwab.png\" \/>\n\t<meta property=\"og:image:width\" content=\"1200\" \/>\n\t<meta property=\"og:image:height\" content=\"630\" \/>\n\t<meta property=\"og:image:type\" content=\"image\/png\" \/>\n<meta name=\"twitter:card\" content=\"summary_large_image\" \/>\n<script type=\"application\/ld+json\" class=\"yoast-schema-graph\">{\"@context\":\"https:\/\/schema.org\",\"@graph\":[{\"@type\":\"WebPage\",\"@id\":\"https:\/\/www.stefanschwab.ch\/fr\/projets\/\",\"url\":\"https:\/\/www.stefanschwab.ch\/fr\/projets\/\",\"name\":\"Investissements - haute technologie et technologie m\u00e9dicale\",\"isPartOf\":{\"@id\":\"https:\/\/www.stefanschwab.ch\/#website\"},\"datePublished\":\"2017-12-07T18:43:36+00:00\",\"dateModified\":\"2018-03-13T10:59:27+00:00\",\"description\":\"Stefan Schwab investit dans des entreprises innovantes en phase de croissance dans les secteurs de la haute technologie et de la technologie m\u00e9dicale ainsi que dans des projets durables qui lui tiennent \u00e0 c\u0153ur. Plus d'informations concernant ses projets sur cette page!\",\"breadcrumb\":{\"@id\":\"https:\/\/www.stefanschwab.ch\/fr\/projets\/#breadcrumb\"},\"inLanguage\":\"fr-FR\",\"potentialAction\":[{\"@type\":\"ReadAction\",\"target\":[\"https:\/\/www.stefanschwab.ch\/fr\/projets\/\"]}]},{\"@type\":\"BreadcrumbList\",\"@id\":\"https:\/\/www.stefanschwab.ch\/fr\/projets\/#breadcrumb\",\"itemListElement\":[{\"@type\":\"ListItem\",\"position\":1,\"name\":\"Startseite\",\"item\":\"https:\/\/www.stefanschwab.ch\/fr\/\"},{\"@type\":\"ListItem\",\"position\":2,\"name\":\"Projets\"}]},{\"@type\":\"WebSite\",\"@id\":\"https:\/\/www.stefanschwab.ch\/#website\",\"url\":\"https:\/\/www.stefanschwab.ch\/\",\"name\":\"Stefan Schwab\",\"description\":\"Stefan Schwab ist Investor in Hightech- und Medtech-Unternehmen mit der Linoa Holding AG. Er ist Verwaltungsratspr\u00e4sident und CEO der Schwab-Feller AG und Verwaltungsratspr\u00e4sident von KREANDO.\",\"potentialAction\":[{\"@type\":\"SearchAction\",\"target\":{\"@type\":\"EntryPoint\",\"urlTemplate\":\"https:\/\/www.stefanschwab.ch\/?s={search_term_string}\"},\"query-input\":{\"@type\":\"PropertyValueSpecification\",\"valueRequired\":true,\"valueName\":\"search_term_string\"}}],\"inLanguage\":\"fr-FR\"}]}<\/script>\n<!-- \/ Yoast SEO plugin. -->","yoast_head_json":{"title":"Investissements - haute technologie et technologie m\u00e9dicale","description":"Stefan Schwab investit dans des entreprises innovantes en phase de croissance dans les secteurs de la haute technologie et de la technologie m\u00e9dicale ainsi que dans des projets durables qui lui tiennent \u00e0 c\u0153ur. Plus d'informations concernant ses projets sur cette page!","robots":{"index":"index","follow":"follow","max-snippet":"max-snippet:-1","max-image-preview":"max-image-preview:large","max-video-preview":"max-video-preview:-1"},"canonical":"https:\/\/www.stefanschwab.ch\/fr\/projets\/","og_locale":"fr_FR","og_type":"article","og_title":"Investissements - haute technologie et technologie m\u00e9dicale","og_description":"Stefan Schwab investit dans des entreprises innovantes en phase de croissance dans les secteurs de la haute technologie et de la technologie m\u00e9dicale ainsi que dans des projets durables qui lui tiennent \u00e0 c\u0153ur. Plus d'informations concernant ses projets sur cette page!","og_url":"https:\/\/www.stefanschwab.ch\/fr\/projets\/","og_site_name":"Stefan Schwab","article_modified_time":"2018-03-13T10:59:27+00:00","og_image":[{"width":1200,"height":630,"url":"https:\/\/www.stefanschwab.ch\/wp-content\/uploads\/2018\/02\/logoschwab.png","type":"image\/png"}],"twitter_card":"summary_large_image","schema":{"@context":"https:\/\/schema.org","@graph":[{"@type":"WebPage","@id":"https:\/\/www.stefanschwab.ch\/fr\/projets\/","url":"https:\/\/www.stefanschwab.ch\/fr\/projets\/","name":"Investissements - haute technologie et technologie m\u00e9dicale","isPartOf":{"@id":"https:\/\/www.stefanschwab.ch\/#website"},"datePublished":"2017-12-07T18:43:36+00:00","dateModified":"2018-03-13T10:59:27+00:00","description":"Stefan Schwab investit dans des entreprises innovantes en phase de croissance dans les secteurs de la haute technologie et de la technologie m\u00e9dicale ainsi que dans des projets durables qui lui tiennent \u00e0 c\u0153ur. Plus d'informations concernant ses projets sur cette page!","breadcrumb":{"@id":"https:\/\/www.stefanschwab.ch\/fr\/projets\/#breadcrumb"},"inLanguage":"fr-FR","potentialAction":[{"@type":"ReadAction","target":["https:\/\/www.stefanschwab.ch\/fr\/projets\/"]}]},{"@type":"BreadcrumbList","@id":"https:\/\/www.stefanschwab.ch\/fr\/projets\/#breadcrumb","itemListElement":[{"@type":"ListItem","position":1,"name":"Startseite","item":"https:\/\/www.stefanschwab.ch\/fr\/"},{"@type":"ListItem","position":2,"name":"Projets"}]},{"@type":"WebSite","@id":"https:\/\/www.stefanschwab.ch\/#website","url":"https:\/\/www.stefanschwab.ch\/","name":"Stefan Schwab","description":"Stefan Schwab ist Investor in Hightech- und Medtech-Unternehmen mit der Linoa Holding AG. Er ist Verwaltungsratspr\u00e4sident und CEO der Schwab-Feller AG und Verwaltungsratspr\u00e4sident von KREANDO.","potentialAction":[{"@type":"SearchAction","target":{"@type":"EntryPoint","urlTemplate":"https:\/\/www.stefanschwab.ch\/?s={search_term_string}"},"query-input":{"@type":"PropertyValueSpecification","valueRequired":true,"valueName":"search_term_string"}}],"inLanguage":"fr-FR"}]}},"_links":{"self":[{"href":"https:\/\/www.stefanschwab.ch\/fr\/wp-json\/wp\/v2\/pages\/344","targetHints":{"allow":["GET"]}}],"collection":[{"href":"https:\/\/www.stefanschwab.ch\/fr\/wp-json\/wp\/v2\/pages"}],"about":[{"href":"https:\/\/www.stefanschwab.ch\/fr\/wp-json\/wp\/v2\/types\/page"}],"author":[{"embeddable":true,"href":"https:\/\/www.stefanschwab.ch\/fr\/wp-json\/wp\/v2\/users\/3"}],"replies":[{"embeddable":true,"href":"https:\/\/www.stefanschwab.ch\/fr\/wp-json\/wp\/v2\/comments?post=344"}],"version-history":[{"count":2,"href":"https:\/\/www.stefanschwab.ch\/fr\/wp-json\/wp\/v2\/pages\/344\/revisions"}],"predecessor-version":[{"id":346,"href":"https:\/\/www.stefanschwab.ch\/fr\/wp-json\/wp\/v2\/pages\/344\/revisions\/346"}],"wp:attachment":[{"href":"https:\/\/www.stefanschwab.ch\/fr\/wp-json\/wp\/v2\/media?parent=344"}],"curies":[{"name":"wp","href":"https:\/\/api.w.org\/{rel}","templated":true}]}}