{"id":340,"date":"2017-12-14T08:20:23","date_gmt":"2017-12-14T07:20:23","guid":{"rendered":"https:\/\/www.stefanschwab.ch\/testimonial-stephan-siegenthaler\/"},"modified":"2018-02-12T16:22:15","modified_gmt":"2018-02-12T15:22:15","slug":"testimonial-stephan-siegenthaler","status":"publish","type":"page","link":"https:\/\/www.stefanschwab.ch\/fr\/testimonial-stephan-siegenthaler\/","title":{"rendered":"Testimonial Stephan Siegenthaler"},"content":{"rendered":"<p>\u00abStefan Schwab incarne l&rsquo;entrepreneur id\u00e9al\u2009: il poss\u00e8de un bon esprit d&rsquo;analyse et une intuition remarquable concernant les d\u00e9veloppements futurs. Il se d\u00e9marque aussi bien par sa volont\u00e9 de concr\u00e9tiser ses id\u00e9es que par son temp\u00e9rament chaleureux, sinc\u00e8re et respectueux.\u00bb<\/p>\n","protected":false},"excerpt":{"rendered":"<p>\u00abStefan Schwab incarne l&rsquo;entrepreneur id\u00e9al\u2009: il poss\u00e8de un bon esprit d&rsquo;analyse et une intuition remarquable concernant les d\u00e9veloppements futurs. Il se d\u00e9marque aussi bien par sa volont\u00e9 de concr\u00e9tiser ses id\u00e9es que par son temp\u00e9rament chaleureux, sinc\u00e8re et respectueux.\u00bb<\/p>\n","protected":false},"author":3,"featured_media":0,"parent":0,"menu_order":11,"comment_status":"closed","ping_status":"closed","template":"page-testimonial.php","meta":{"footnotes":""},"class_list":["post-340","page","type-page","status-publish","hentry"],"yoast_head":"<!-- This site is optimized with the Yoast SEO plugin v26.7 - https:\/\/yoast.com\/wordpress\/plugins\/seo\/ -->\n<title>Testimonial Stephan Siegenthaler - Stefan Schwab<\/title>\n<meta name=\"robots\" content=\"index, follow, max-snippet:-1, max-image-preview:large, max-video-preview:-1\" \/>\n<link rel=\"canonical\" href=\"https:\/\/www.stefanschwab.ch\/fr\/testimonial-stephan-siegenthaler\/\" \/>\n<meta property=\"og:locale\" content=\"fr_FR\" \/>\n<meta property=\"og:type\" content=\"article\" \/>\n<meta property=\"og:title\" content=\"Testimonial Stephan Siegenthaler - Stefan Schwab\" \/>\n<meta property=\"og:description\" content=\"\u00abStefan Schwab incarne l&rsquo;entrepreneur id\u00e9al\u2009: il poss\u00e8de un bon esprit d&rsquo;analyse et une intuition remarquable concernant les d\u00e9veloppements futurs. Il se d\u00e9marque aussi bien par sa volont\u00e9 de concr\u00e9tiser ses id\u00e9es que par son temp\u00e9rament chaleureux, sinc\u00e8re et respectueux.\u00bb\" \/>\n<meta property=\"og:url\" content=\"https:\/\/www.stefanschwab.ch\/fr\/testimonial-stephan-siegenthaler\/\" \/>\n<meta property=\"og:site_name\" content=\"Stefan Schwab\" \/>\n<meta property=\"article:modified_time\" content=\"2018-02-12T15:22:15+00:00\" \/>\n<meta property=\"og:image\" content=\"https:\/\/www.stefanschwab.ch\/wp-content\/uploads\/2018\/02\/logoschwab.png\" \/>\n\t<meta property=\"og:image:width\" content=\"1200\" \/>\n\t<meta property=\"og:image:height\" content=\"630\" \/>\n\t<meta property=\"og:image:type\" content=\"image\/png\" \/>\n<meta name=\"twitter:card\" content=\"summary_large_image\" \/>\n<script type=\"application\/ld+json\" class=\"yoast-schema-graph\">{\"@context\":\"https:\/\/schema.org\",\"@graph\":[{\"@type\":\"WebPage\",\"@id\":\"https:\/\/www.stefanschwab.ch\/fr\/testimonial-stephan-siegenthaler\/\",\"url\":\"https:\/\/www.stefanschwab.ch\/fr\/testimonial-stephan-siegenthaler\/\",\"name\":\"Testimonial Stephan Siegenthaler - Stefan Schwab\",\"isPartOf\":{\"@id\":\"https:\/\/www.stefanschwab.ch\/#website\"},\"datePublished\":\"2017-12-14T07:20:23+00:00\",\"dateModified\":\"2018-02-12T15:22:15+00:00\",\"breadcrumb\":{\"@id\":\"https:\/\/www.stefanschwab.ch\/fr\/testimonial-stephan-siegenthaler\/#breadcrumb\"},\"inLanguage\":\"fr-FR\",\"potentialAction\":[{\"@type\":\"ReadAction\",\"target\":[\"https:\/\/www.stefanschwab.ch\/fr\/testimonial-stephan-siegenthaler\/\"]}]},{\"@type\":\"BreadcrumbList\",\"@id\":\"https:\/\/www.stefanschwab.ch\/fr\/testimonial-stephan-siegenthaler\/#breadcrumb\",\"itemListElement\":[{\"@type\":\"ListItem\",\"position\":1,\"name\":\"Startseite\",\"item\":\"https:\/\/www.stefanschwab.ch\/fr\/\"},{\"@type\":\"ListItem\",\"position\":2,\"name\":\"Testimonial Stephan Siegenthaler\"}]},{\"@type\":\"WebSite\",\"@id\":\"https:\/\/www.stefanschwab.ch\/#website\",\"url\":\"https:\/\/www.stefanschwab.ch\/\",\"name\":\"Stefan Schwab\",\"description\":\"Stefan Schwab ist Investor in Hightech- und Medtech-Unternehmen mit der Linoa Holding AG. Er ist Verwaltungsratspr\u00e4sident und CEO der Schwab-Feller AG und Verwaltungsratspr\u00e4sident von KREANDO.\",\"potentialAction\":[{\"@type\":\"SearchAction\",\"target\":{\"@type\":\"EntryPoint\",\"urlTemplate\":\"https:\/\/www.stefanschwab.ch\/?s={search_term_string}\"},\"query-input\":{\"@type\":\"PropertyValueSpecification\",\"valueRequired\":true,\"valueName\":\"search_term_string\"}}],\"inLanguage\":\"fr-FR\"}]}<\/script>\n<!-- \/ Yoast SEO plugin. -->","yoast_head_json":{"title":"Testimonial Stephan Siegenthaler - Stefan Schwab","robots":{"index":"index","follow":"follow","max-snippet":"max-snippet:-1","max-image-preview":"max-image-preview:large","max-video-preview":"max-video-preview:-1"},"canonical":"https:\/\/www.stefanschwab.ch\/fr\/testimonial-stephan-siegenthaler\/","og_locale":"fr_FR","og_type":"article","og_title":"Testimonial Stephan Siegenthaler - Stefan Schwab","og_description":"\u00abStefan Schwab incarne l&rsquo;entrepreneur id\u00e9al\u2009: il poss\u00e8de un bon esprit d&rsquo;analyse et une intuition remarquable concernant les d\u00e9veloppements futurs. Il se d\u00e9marque aussi bien par sa volont\u00e9 de concr\u00e9tiser ses id\u00e9es que par son temp\u00e9rament chaleureux, sinc\u00e8re et respectueux.\u00bb","og_url":"https:\/\/www.stefanschwab.ch\/fr\/testimonial-stephan-siegenthaler\/","og_site_name":"Stefan Schwab","article_modified_time":"2018-02-12T15:22:15+00:00","og_image":[{"width":1200,"height":630,"url":"https:\/\/www.stefanschwab.ch\/wp-content\/uploads\/2018\/02\/logoschwab.png","type":"image\/png"}],"twitter_card":"summary_large_image","schema":{"@context":"https:\/\/schema.org","@graph":[{"@type":"WebPage","@id":"https:\/\/www.stefanschwab.ch\/fr\/testimonial-stephan-siegenthaler\/","url":"https:\/\/www.stefanschwab.ch\/fr\/testimonial-stephan-siegenthaler\/","name":"Testimonial Stephan Siegenthaler - Stefan Schwab","isPartOf":{"@id":"https:\/\/www.stefanschwab.ch\/#website"},"datePublished":"2017-12-14T07:20:23+00:00","dateModified":"2018-02-12T15:22:15+00:00","breadcrumb":{"@id":"https:\/\/www.stefanschwab.ch\/fr\/testimonial-stephan-siegenthaler\/#breadcrumb"},"inLanguage":"fr-FR","potentialAction":[{"@type":"ReadAction","target":["https:\/\/www.stefanschwab.ch\/fr\/testimonial-stephan-siegenthaler\/"]}]},{"@type":"BreadcrumbList","@id":"https:\/\/www.stefanschwab.ch\/fr\/testimonial-stephan-siegenthaler\/#breadcrumb","itemListElement":[{"@type":"ListItem","position":1,"name":"Startseite","item":"https:\/\/www.stefanschwab.ch\/fr\/"},{"@type":"ListItem","position":2,"name":"Testimonial Stephan Siegenthaler"}]},{"@type":"WebSite","@id":"https:\/\/www.stefanschwab.ch\/#website","url":"https:\/\/www.stefanschwab.ch\/","name":"Stefan Schwab","description":"Stefan Schwab ist Investor in Hightech- und Medtech-Unternehmen mit der Linoa Holding AG. Er ist Verwaltungsratspr\u00e4sident und CEO der Schwab-Feller AG und Verwaltungsratspr\u00e4sident von KREANDO.","potentialAction":[{"@type":"SearchAction","target":{"@type":"EntryPoint","urlTemplate":"https:\/\/www.stefanschwab.ch\/?s={search_term_string}"},"query-input":{"@type":"PropertyValueSpecification","valueRequired":true,"valueName":"search_term_string"}}],"inLanguage":"fr-FR"}]}},"_links":{"self":[{"href":"https:\/\/www.stefanschwab.ch\/fr\/wp-json\/wp\/v2\/pages\/340","targetHints":{"allow":["GET"]}}],"collection":[{"href":"https:\/\/www.stefanschwab.ch\/fr\/wp-json\/wp\/v2\/pages"}],"about":[{"href":"https:\/\/www.stefanschwab.ch\/fr\/wp-json\/wp\/v2\/types\/page"}],"author":[{"embeddable":true,"href":"https:\/\/www.stefanschwab.ch\/fr\/wp-json\/wp\/v2\/users\/3"}],"replies":[{"embeddable":true,"href":"https:\/\/www.stefanschwab.ch\/fr\/wp-json\/wp\/v2\/comments?post=340"}],"version-history":[{"count":1,"href":"https:\/\/www.stefanschwab.ch\/fr\/wp-json\/wp\/v2\/pages\/340\/revisions"}],"predecessor-version":[{"id":343,"href":"https:\/\/www.stefanschwab.ch\/fr\/wp-json\/wp\/v2\/pages\/340\/revisions\/343"}],"wp:attachment":[{"href":"https:\/\/www.stefanschwab.ch\/fr\/wp-json\/wp\/v2\/media?parent=340"}],"curies":[{"name":"wp","href":"https:\/\/api.w.org\/{rel}","templated":true}]}}