{"id":331,"date":"2017-12-07T19:40:57","date_gmt":"2017-12-07T18:40:57","guid":{"rendered":"https:\/\/www.stefanschwab.ch\/linoa-holding-ag\/"},"modified":"2024-11-05T09:45:27","modified_gmt":"2024-11-05T08:45:27","slug":"linoa-holding-ag","status":"publish","type":"page","link":"https:\/\/www.stefanschwab.ch\/fr\/linoa-holding-ag\/","title":{"rendered":"Linoa Holding AG"},"content":{"rendered":"<p>Stefan Schwab a fond\u00e9 Linoa Holding AG en 2004 pour l&rsquo;acquisition de l&rsquo;entreprise Schwab-Feller AG. La r\u00e9ussite \u00e9conomique de cette derni\u00e8re lui permet aujourd&rsquo;hui de s&rsquo;engager pour l&rsquo;avenir \u00e0 travers des investissements durables dans des entreprises \u00e0 haut potentiel des secteurs <a href=\"#projets\">high-tech<\/a> et <a href=\"#projets\">medtech<\/a>. Linoa Holding investit \u00e9galement dans des <a href=\"#projets\">projets coups de c\u0153ur<\/a> tels que l&rsquo;entreprise KREANDO et <a href=\"https:\/\/de.aurumfit.com\/\" target=\"_blank\" rel=\"noopener noreferrer\">AURUM<\/a>, un concept de formation innovant ax\u00e9 sur l&rsquo;efficacit\u00e9, l&rsquo;efficience temporelle et la s\u00e9curit\u00e9.<\/p>\n<p>La soci\u00e9t\u00e9 \u00e9value les candidats potentiels en suivant une proc\u00e9dure structur\u00e9e et d\u00e9taill\u00e9e. Sa strat\u00e9gie d&rsquo;investissement est centr\u00e9e sur les entreprises actives dans le commerce interentreprises (B2B) dont les produits hautement sp\u00e9cialis\u00e9s r\u00e9pondent aux besoins sp\u00e9cifiques des clients dans les secteurs de niche. La soci\u00e9t\u00e9 accorde une priorit\u00e9 absolue aux entreprises confront\u00e9es \u00e0 l&rsquo;\u00e9preuve \u00e0 la fois d\u00e9licate et stimulante de la croissance.<\/p>\n","protected":false},"excerpt":{"rendered":"<p>Stefan Schwab a fond\u00e9 Linoa Holding AG en 2004 pour l&rsquo;acquisition de l&rsquo;entreprise Schwab-Feller AG. La r\u00e9ussite \u00e9conomique de cette derni\u00e8re lui permet aujourd&rsquo;hui de s&rsquo;engager pour l&rsquo;avenir \u00e0 travers des investissements durables dans des entreprises \u00e0 haut potentiel des secteurs high-tech et medtech. Linoa Holding investit \u00e9galement dans des projets coups de c\u0153ur tels [&hellip;]<\/p>\n","protected":false},"author":3,"featured_media":0,"parent":0,"menu_order":6,"comment_status":"closed","ping_status":"closed","template":"page-linoa-holding-ag.php","meta":{"footnotes":""},"class_list":["post-331","page","type-page","status-publish","hentry"],"yoast_head":"<!-- This site is optimized with the Yoast SEO plugin v26.7 - https:\/\/yoast.com\/wordpress\/plugins\/seo\/ -->\n<title>Linoa Holding AG, Suisse - des investissements durables<\/title>\n<meta name=\"description\" content=\"La soci\u00e9t\u00e9 Linoa Holding AG a \u00e9t\u00e9 fond\u00e9e en 2004 par l&#039;entrepreneur Stefan Schwab\u2009; elle investit de-puis dans des entreprises durables et innovantes actives dans le secteur high-tech, dans les technologies m\u00e9dicales et dans le commerce interentreprises (B2B). Plus d&#039;informations ici!\" \/>\n<meta name=\"robots\" content=\"index, follow, max-snippet:-1, max-image-preview:large, max-video-preview:-1\" \/>\n<link rel=\"canonical\" href=\"https:\/\/www.stefanschwab.ch\/fr\/linoa-holding-ag\/\" \/>\n<meta property=\"og:locale\" content=\"fr_FR\" \/>\n<meta property=\"og:type\" content=\"article\" \/>\n<meta property=\"og:title\" content=\"Linoa Holding AG, Suisse - des investissements durables\" \/>\n<meta property=\"og:description\" content=\"La soci\u00e9t\u00e9 Linoa Holding AG a \u00e9t\u00e9 fond\u00e9e en 2004 par l&#039;entrepreneur Stefan Schwab\u2009; elle investit de-puis dans des entreprises durables et innovantes actives dans le secteur high-tech, dans les technologies m\u00e9dicales et dans le commerce interentreprises (B2B). Plus d&#039;informations ici!\" \/>\n<meta property=\"og:url\" content=\"https:\/\/www.stefanschwab.ch\/fr\/linoa-holding-ag\/\" \/>\n<meta property=\"og:site_name\" content=\"Stefan Schwab\" \/>\n<meta property=\"article:modified_time\" content=\"2024-11-05T08:45:27+00:00\" \/>\n<meta property=\"og:image\" content=\"https:\/\/www.stefanschwab.ch\/wp-content\/uploads\/2018\/02\/logoschwab.png\" \/>\n\t<meta property=\"og:image:width\" content=\"1200\" \/>\n\t<meta property=\"og:image:height\" content=\"630\" \/>\n\t<meta property=\"og:image:type\" content=\"image\/png\" \/>\n<meta name=\"twitter:card\" content=\"summary_large_image\" \/>\n<meta name=\"twitter:label1\" content=\"Dur\u00e9e de lecture estim\u00e9e\" \/>\n\t<meta name=\"twitter:data1\" content=\"1 minute\" \/>\n<script type=\"application\/ld+json\" class=\"yoast-schema-graph\">{\"@context\":\"https:\/\/schema.org\",\"@graph\":[{\"@type\":\"WebPage\",\"@id\":\"https:\/\/www.stefanschwab.ch\/fr\/linoa-holding-ag\/\",\"url\":\"https:\/\/www.stefanschwab.ch\/fr\/linoa-holding-ag\/\",\"name\":\"Linoa Holding AG, Suisse - des investissements durables\",\"isPartOf\":{\"@id\":\"https:\/\/www.stefanschwab.ch\/#website\"},\"datePublished\":\"2017-12-07T18:40:57+00:00\",\"dateModified\":\"2024-11-05T08:45:27+00:00\",\"description\":\"La soci\u00e9t\u00e9 Linoa Holding AG a \u00e9t\u00e9 fond\u00e9e en 2004 par l'entrepreneur Stefan Schwab\u2009; elle investit de-puis dans des entreprises durables et innovantes actives dans le secteur high-tech, dans les technologies m\u00e9dicales et dans le commerce interentreprises (B2B). Plus d'informations ici!\",\"breadcrumb\":{\"@id\":\"https:\/\/www.stefanschwab.ch\/fr\/linoa-holding-ag\/#breadcrumb\"},\"inLanguage\":\"fr-FR\",\"potentialAction\":[{\"@type\":\"ReadAction\",\"target\":[\"https:\/\/www.stefanschwab.ch\/fr\/linoa-holding-ag\/\"]}]},{\"@type\":\"BreadcrumbList\",\"@id\":\"https:\/\/www.stefanschwab.ch\/fr\/linoa-holding-ag\/#breadcrumb\",\"itemListElement\":[{\"@type\":\"ListItem\",\"position\":1,\"name\":\"Startseite\",\"item\":\"https:\/\/www.stefanschwab.ch\/fr\/\"},{\"@type\":\"ListItem\",\"position\":2,\"name\":\"Linoa Holding AG\"}]},{\"@type\":\"WebSite\",\"@id\":\"https:\/\/www.stefanschwab.ch\/#website\",\"url\":\"https:\/\/www.stefanschwab.ch\/\",\"name\":\"Stefan Schwab\",\"description\":\"Stefan Schwab ist Investor in Hightech- und Medtech-Unternehmen mit der Linoa Holding AG. Er ist Verwaltungsratspr\u00e4sident und CEO der Schwab-Feller AG und Verwaltungsratspr\u00e4sident von KREANDO.\",\"potentialAction\":[{\"@type\":\"SearchAction\",\"target\":{\"@type\":\"EntryPoint\",\"urlTemplate\":\"https:\/\/www.stefanschwab.ch\/?s={search_term_string}\"},\"query-input\":{\"@type\":\"PropertyValueSpecification\",\"valueRequired\":true,\"valueName\":\"search_term_string\"}}],\"inLanguage\":\"fr-FR\"}]}<\/script>\n<!-- \/ Yoast SEO plugin. -->","yoast_head_json":{"title":"Linoa Holding AG, Suisse - des investissements durables","description":"La soci\u00e9t\u00e9 Linoa Holding AG a \u00e9t\u00e9 fond\u00e9e en 2004 par l'entrepreneur Stefan Schwab\u2009; elle investit de-puis dans des entreprises durables et innovantes actives dans le secteur high-tech, dans les technologies m\u00e9dicales et dans le commerce interentreprises (B2B). Plus d'informations ici!","robots":{"index":"index","follow":"follow","max-snippet":"max-snippet:-1","max-image-preview":"max-image-preview:large","max-video-preview":"max-video-preview:-1"},"canonical":"https:\/\/www.stefanschwab.ch\/fr\/linoa-holding-ag\/","og_locale":"fr_FR","og_type":"article","og_title":"Linoa Holding AG, Suisse - des investissements durables","og_description":"La soci\u00e9t\u00e9 Linoa Holding AG a \u00e9t\u00e9 fond\u00e9e en 2004 par l'entrepreneur Stefan Schwab\u2009; elle investit de-puis dans des entreprises durables et innovantes actives dans le secteur high-tech, dans les technologies m\u00e9dicales et dans le commerce interentreprises (B2B). Plus d'informations ici!","og_url":"https:\/\/www.stefanschwab.ch\/fr\/linoa-holding-ag\/","og_site_name":"Stefan Schwab","article_modified_time":"2024-11-05T08:45:27+00:00","og_image":[{"width":1200,"height":630,"url":"https:\/\/www.stefanschwab.ch\/wp-content\/uploads\/2018\/02\/logoschwab.png","type":"image\/png"}],"twitter_card":"summary_large_image","twitter_misc":{"Dur\u00e9e de lecture estim\u00e9e":"1 minute"},"schema":{"@context":"https:\/\/schema.org","@graph":[{"@type":"WebPage","@id":"https:\/\/www.stefanschwab.ch\/fr\/linoa-holding-ag\/","url":"https:\/\/www.stefanschwab.ch\/fr\/linoa-holding-ag\/","name":"Linoa Holding AG, Suisse - des investissements durables","isPartOf":{"@id":"https:\/\/www.stefanschwab.ch\/#website"},"datePublished":"2017-12-07T18:40:57+00:00","dateModified":"2024-11-05T08:45:27+00:00","description":"La soci\u00e9t\u00e9 Linoa Holding AG a \u00e9t\u00e9 fond\u00e9e en 2004 par l'entrepreneur Stefan Schwab\u2009; elle investit de-puis dans des entreprises durables et innovantes actives dans le secteur high-tech, dans les technologies m\u00e9dicales et dans le commerce interentreprises (B2B). Plus d'informations ici!","breadcrumb":{"@id":"https:\/\/www.stefanschwab.ch\/fr\/linoa-holding-ag\/#breadcrumb"},"inLanguage":"fr-FR","potentialAction":[{"@type":"ReadAction","target":["https:\/\/www.stefanschwab.ch\/fr\/linoa-holding-ag\/"]}]},{"@type":"BreadcrumbList","@id":"https:\/\/www.stefanschwab.ch\/fr\/linoa-holding-ag\/#breadcrumb","itemListElement":[{"@type":"ListItem","position":1,"name":"Startseite","item":"https:\/\/www.stefanschwab.ch\/fr\/"},{"@type":"ListItem","position":2,"name":"Linoa Holding AG"}]},{"@type":"WebSite","@id":"https:\/\/www.stefanschwab.ch\/#website","url":"https:\/\/www.stefanschwab.ch\/","name":"Stefan Schwab","description":"Stefan Schwab ist Investor in Hightech- und Medtech-Unternehmen mit der Linoa Holding AG. Er ist Verwaltungsratspr\u00e4sident und CEO der Schwab-Feller AG und Verwaltungsratspr\u00e4sident von KREANDO.","potentialAction":[{"@type":"SearchAction","target":{"@type":"EntryPoint","urlTemplate":"https:\/\/www.stefanschwab.ch\/?s={search_term_string}"},"query-input":{"@type":"PropertyValueSpecification","valueRequired":true,"valueName":"search_term_string"}}],"inLanguage":"fr-FR"}]}},"_links":{"self":[{"href":"https:\/\/www.stefanschwab.ch\/fr\/wp-json\/wp\/v2\/pages\/331","targetHints":{"allow":["GET"]}}],"collection":[{"href":"https:\/\/www.stefanschwab.ch\/fr\/wp-json\/wp\/v2\/pages"}],"about":[{"href":"https:\/\/www.stefanschwab.ch\/fr\/wp-json\/wp\/v2\/types\/page"}],"author":[{"embeddable":true,"href":"https:\/\/www.stefanschwab.ch\/fr\/wp-json\/wp\/v2\/users\/3"}],"replies":[{"embeddable":true,"href":"https:\/\/www.stefanschwab.ch\/fr\/wp-json\/wp\/v2\/comments?post=331"}],"version-history":[{"count":9,"href":"https:\/\/www.stefanschwab.ch\/fr\/wp-json\/wp\/v2\/pages\/331\/revisions"}],"predecessor-version":[{"id":751,"href":"https:\/\/www.stefanschwab.ch\/fr\/wp-json\/wp\/v2\/pages\/331\/revisions\/751"}],"wp:attachment":[{"href":"https:\/\/www.stefanschwab.ch\/fr\/wp-json\/wp\/v2\/media?parent=331"}],"curies":[{"name":"wp","href":"https:\/\/api.w.org\/{rel}","templated":true}]}}