{"id":328,"date":"2017-12-04T02:05:06","date_gmt":"2017-12-04T01:05:06","guid":{"rendered":"https:\/\/www.stefanschwab.ch\/portrait\/"},"modified":"2023-09-10T09:40:12","modified_gmt":"2023-09-10T07:40:12","slug":"portrait","status":"publish","type":"page","link":"https:\/\/www.stefanschwab.ch\/fr\/portrait\/","title":{"rendered":"Portrait"},"content":{"rendered":"<h3>Stefan Schwab &#8211; entrepreneur et investisseur<\/h3>\n<p>Je suis un entrepreneur et un investisseur qui poss\u00e8de une grande exp\u00e9rience dans le domaine de l&rsquo;ing\u00e9nierie et de la microtechnique. Ma devise est \u00ab\u2009le client se trouve au c\u0153ur de toutes mes consid\u00e9rations\u2009\u00bb. Pour qu&rsquo;une entreprise me s\u00e9duise, elle doit savoir identifier les v\u00e9ritables besoins de ses clients et les placer au centre de sa strat\u00e9gie.<br \/>\nD\u00e9couvrez mes <a href=\"#projets\">projets actuels<\/a>.<\/p>\n<p>Mes investissements s&rsquo;inscrivent exclusivement dans le long terme et la durabilit\u00e9. La sp\u00e9culation et les engagements de courte dur\u00e9e ne correspondent ni \u00e0 mes convictions personnelles ni \u00e0 ma philosophie professionnelle. J&rsquo;estime que l&rsquo;une des meilleures fa\u00e7ons de mesurer sa r\u00e9ussite consiste \u00e0 observer le nombre d&#8217;emplois que l&rsquo;on a contribu\u00e9 \u00e0 cr\u00e9er et \u00e0 maintenir.<\/p>\n<p>Vous aimez ma philosophie et pensez qu&rsquo;elle convient \u00e0 votre entreprise\u2009? <a href=\"#contact\">Contactez-moi<\/a>.<\/p>\n","protected":false},"excerpt":{"rendered":"<p>Stefan Schwab &#8211; entrepreneur et investisseur Je suis un entrepreneur et un investisseur qui poss\u00e8de une grande exp\u00e9rience dans le domaine de l&rsquo;ing\u00e9nierie et de la microtechnique. Ma devise est \u00ab\u2009le client se trouve au c\u0153ur de toutes mes consid\u00e9rations\u2009\u00bb. Pour qu&rsquo;une entreprise me s\u00e9duise, elle doit savoir identifier les v\u00e9ritables besoins de ses clients [&hellip;]<\/p>\n","protected":false},"author":3,"featured_media":726,"parent":0,"menu_order":5,"comment_status":"closed","ping_status":"closed","template":"page-portrait.php","meta":{"footnotes":""},"class_list":["post-328","page","type-page","status-publish","has-post-thumbnail","hentry"],"yoast_head":"<!-- This site is optimized with the Yoast SEO plugin v26.7 - https:\/\/yoast.com\/wordpress\/plugins\/seo\/ -->\n<title>Portrait de Stefan Schwab - entrepreneur et investisseur suisse<\/title>\n<meta name=\"description\" content=\"En tant qu&#039;entrepreneur et investisseur dot\u00e9 d&#039;une grande exp\u00e9rience dans les domaines de l&#039;ing\u00e9nierie et de la microtechnique, Stefan Schwab s&#039;int\u00e9resse aux investissements qui s&#039;inscrivent dans le long terme et la durabilit\u00e9. Apprenez-en plus!\" \/>\n<meta name=\"robots\" content=\"index, follow, max-snippet:-1, max-image-preview:large, max-video-preview:-1\" \/>\n<link rel=\"canonical\" href=\"https:\/\/www.stefanschwab.ch\/fr\/portrait\/\" \/>\n<meta property=\"og:locale\" content=\"fr_FR\" \/>\n<meta property=\"og:type\" content=\"article\" \/>\n<meta property=\"og:title\" content=\"Portrait de Stefan Schwab - entrepreneur et investisseur suisse\" \/>\n<meta property=\"og:description\" content=\"En tant qu&#039;entrepreneur et investisseur dot\u00e9 d&#039;une grande exp\u00e9rience dans les domaines de l&#039;ing\u00e9nierie et de la microtechnique, Stefan Schwab s&#039;int\u00e9resse aux investissements qui s&#039;inscrivent dans le long terme et la durabilit\u00e9. Apprenez-en plus!\" \/>\n<meta property=\"og:url\" content=\"https:\/\/www.stefanschwab.ch\/fr\/portrait\/\" \/>\n<meta property=\"og:site_name\" content=\"Stefan Schwab\" \/>\n<meta property=\"article:modified_time\" content=\"2023-09-10T07:40:12+00:00\" \/>\n<meta property=\"og:image\" content=\"https:\/\/www.stefanschwab.ch\/wp-content\/uploads\/2023\/09\/stefanschwab-ch-scaled-e1694330927623.jpeg\" \/>\n\t<meta property=\"og:image:width\" content=\"2560\" \/>\n\t<meta property=\"og:image:height\" content=\"1707\" \/>\n\t<meta property=\"og:image:type\" content=\"image\/jpeg\" \/>\n<meta name=\"twitter:card\" content=\"summary_large_image\" \/>\n<meta name=\"twitter:label1\" content=\"Dur\u00e9e de lecture estim\u00e9e\" \/>\n\t<meta name=\"twitter:data1\" content=\"1 minute\" \/>\n<script type=\"application\/ld+json\" class=\"yoast-schema-graph\">{\"@context\":\"https:\/\/schema.org\",\"@graph\":[{\"@type\":\"WebPage\",\"@id\":\"https:\/\/www.stefanschwab.ch\/fr\/portrait\/\",\"url\":\"https:\/\/www.stefanschwab.ch\/fr\/portrait\/\",\"name\":\"Portrait de Stefan Schwab - entrepreneur et investisseur suisse\",\"isPartOf\":{\"@id\":\"https:\/\/www.stefanschwab.ch\/#website\"},\"primaryImageOfPage\":{\"@id\":\"https:\/\/www.stefanschwab.ch\/fr\/portrait\/#primaryimage\"},\"image\":{\"@id\":\"https:\/\/www.stefanschwab.ch\/fr\/portrait\/#primaryimage\"},\"thumbnailUrl\":\"https:\/\/www.stefanschwab.ch\/wp-content\/uploads\/2023\/09\/stefanschwab-ch-scaled-e1694330927623.jpeg\",\"datePublished\":\"2017-12-04T01:05:06+00:00\",\"dateModified\":\"2023-09-10T07:40:12+00:00\",\"description\":\"En tant qu'entrepreneur et investisseur dot\u00e9 d'une grande exp\u00e9rience dans les domaines de l'ing\u00e9nierie et de la microtechnique, Stefan Schwab s'int\u00e9resse aux investissements qui s'inscrivent dans le long terme et la durabilit\u00e9. Apprenez-en plus!\",\"breadcrumb\":{\"@id\":\"https:\/\/www.stefanschwab.ch\/fr\/portrait\/#breadcrumb\"},\"inLanguage\":\"fr-FR\",\"potentialAction\":[{\"@type\":\"ReadAction\",\"target\":[\"https:\/\/www.stefanschwab.ch\/fr\/portrait\/\"]}]},{\"@type\":\"ImageObject\",\"inLanguage\":\"fr-FR\",\"@id\":\"https:\/\/www.stefanschwab.ch\/fr\/portrait\/#primaryimage\",\"url\":\"https:\/\/www.stefanschwab.ch\/wp-content\/uploads\/2023\/09\/stefanschwab-ch-scaled-e1694330927623.jpeg\",\"contentUrl\":\"https:\/\/www.stefanschwab.ch\/wp-content\/uploads\/2023\/09\/stefanschwab-ch-scaled-e1694330927623.jpeg\",\"width\":2560,\"height\":1707},{\"@type\":\"BreadcrumbList\",\"@id\":\"https:\/\/www.stefanschwab.ch\/fr\/portrait\/#breadcrumb\",\"itemListElement\":[{\"@type\":\"ListItem\",\"position\":1,\"name\":\"Startseite\",\"item\":\"https:\/\/www.stefanschwab.ch\/fr\/\"},{\"@type\":\"ListItem\",\"position\":2,\"name\":\"Portrait\"}]},{\"@type\":\"WebSite\",\"@id\":\"https:\/\/www.stefanschwab.ch\/#website\",\"url\":\"https:\/\/www.stefanschwab.ch\/\",\"name\":\"Stefan Schwab\",\"description\":\"Stefan Schwab ist Investor in Hightech- und Medtech-Unternehmen mit der Linoa Holding AG. Er ist Verwaltungsratspr\u00e4sident und CEO der Schwab-Feller AG und Verwaltungsratspr\u00e4sident von KREANDO.\",\"potentialAction\":[{\"@type\":\"SearchAction\",\"target\":{\"@type\":\"EntryPoint\",\"urlTemplate\":\"https:\/\/www.stefanschwab.ch\/?s={search_term_string}\"},\"query-input\":{\"@type\":\"PropertyValueSpecification\",\"valueRequired\":true,\"valueName\":\"search_term_string\"}}],\"inLanguage\":\"fr-FR\"}]}<\/script>\n<!-- \/ Yoast SEO plugin. -->","yoast_head_json":{"title":"Portrait de Stefan Schwab - entrepreneur et investisseur suisse","description":"En tant qu'entrepreneur et investisseur dot\u00e9 d'une grande exp\u00e9rience dans les domaines de l'ing\u00e9nierie et de la microtechnique, Stefan Schwab s'int\u00e9resse aux investissements qui s'inscrivent dans le long terme et la durabilit\u00e9. Apprenez-en plus!","robots":{"index":"index","follow":"follow","max-snippet":"max-snippet:-1","max-image-preview":"max-image-preview:large","max-video-preview":"max-video-preview:-1"},"canonical":"https:\/\/www.stefanschwab.ch\/fr\/portrait\/","og_locale":"fr_FR","og_type":"article","og_title":"Portrait de Stefan Schwab - entrepreneur et investisseur suisse","og_description":"En tant qu'entrepreneur et investisseur dot\u00e9 d'une grande exp\u00e9rience dans les domaines de l'ing\u00e9nierie et de la microtechnique, Stefan Schwab s'int\u00e9resse aux investissements qui s'inscrivent dans le long terme et la durabilit\u00e9. Apprenez-en plus!","og_url":"https:\/\/www.stefanschwab.ch\/fr\/portrait\/","og_site_name":"Stefan Schwab","article_modified_time":"2023-09-10T07:40:12+00:00","og_image":[{"width":2560,"height":1707,"url":"https:\/\/www.stefanschwab.ch\/wp-content\/uploads\/2023\/09\/stefanschwab-ch-scaled-e1694330927623.jpeg","type":"image\/jpeg"}],"twitter_card":"summary_large_image","twitter_misc":{"Dur\u00e9e de lecture estim\u00e9e":"1 minute"},"schema":{"@context":"https:\/\/schema.org","@graph":[{"@type":"WebPage","@id":"https:\/\/www.stefanschwab.ch\/fr\/portrait\/","url":"https:\/\/www.stefanschwab.ch\/fr\/portrait\/","name":"Portrait de Stefan Schwab - entrepreneur et investisseur suisse","isPartOf":{"@id":"https:\/\/www.stefanschwab.ch\/#website"},"primaryImageOfPage":{"@id":"https:\/\/www.stefanschwab.ch\/fr\/portrait\/#primaryimage"},"image":{"@id":"https:\/\/www.stefanschwab.ch\/fr\/portrait\/#primaryimage"},"thumbnailUrl":"https:\/\/www.stefanschwab.ch\/wp-content\/uploads\/2023\/09\/stefanschwab-ch-scaled-e1694330927623.jpeg","datePublished":"2017-12-04T01:05:06+00:00","dateModified":"2023-09-10T07:40:12+00:00","description":"En tant qu'entrepreneur et investisseur dot\u00e9 d'une grande exp\u00e9rience dans les domaines de l'ing\u00e9nierie et de la microtechnique, Stefan Schwab s'int\u00e9resse aux investissements qui s'inscrivent dans le long terme et la durabilit\u00e9. Apprenez-en plus!","breadcrumb":{"@id":"https:\/\/www.stefanschwab.ch\/fr\/portrait\/#breadcrumb"},"inLanguage":"fr-FR","potentialAction":[{"@type":"ReadAction","target":["https:\/\/www.stefanschwab.ch\/fr\/portrait\/"]}]},{"@type":"ImageObject","inLanguage":"fr-FR","@id":"https:\/\/www.stefanschwab.ch\/fr\/portrait\/#primaryimage","url":"https:\/\/www.stefanschwab.ch\/wp-content\/uploads\/2023\/09\/stefanschwab-ch-scaled-e1694330927623.jpeg","contentUrl":"https:\/\/www.stefanschwab.ch\/wp-content\/uploads\/2023\/09\/stefanschwab-ch-scaled-e1694330927623.jpeg","width":2560,"height":1707},{"@type":"BreadcrumbList","@id":"https:\/\/www.stefanschwab.ch\/fr\/portrait\/#breadcrumb","itemListElement":[{"@type":"ListItem","position":1,"name":"Startseite","item":"https:\/\/www.stefanschwab.ch\/fr\/"},{"@type":"ListItem","position":2,"name":"Portrait"}]},{"@type":"WebSite","@id":"https:\/\/www.stefanschwab.ch\/#website","url":"https:\/\/www.stefanschwab.ch\/","name":"Stefan Schwab","description":"Stefan Schwab ist Investor in Hightech- und Medtech-Unternehmen mit der Linoa Holding AG. Er ist Verwaltungsratspr\u00e4sident und CEO der Schwab-Feller AG und Verwaltungsratspr\u00e4sident von KREANDO.","potentialAction":[{"@type":"SearchAction","target":{"@type":"EntryPoint","urlTemplate":"https:\/\/www.stefanschwab.ch\/?s={search_term_string}"},"query-input":{"@type":"PropertyValueSpecification","valueRequired":true,"valueName":"search_term_string"}}],"inLanguage":"fr-FR"}]}},"_links":{"self":[{"href":"https:\/\/www.stefanschwab.ch\/fr\/wp-json\/wp\/v2\/pages\/328","targetHints":{"allow":["GET"]}}],"collection":[{"href":"https:\/\/www.stefanschwab.ch\/fr\/wp-json\/wp\/v2\/pages"}],"about":[{"href":"https:\/\/www.stefanschwab.ch\/fr\/wp-json\/wp\/v2\/types\/page"}],"author":[{"embeddable":true,"href":"https:\/\/www.stefanschwab.ch\/fr\/wp-json\/wp\/v2\/users\/3"}],"replies":[{"embeddable":true,"href":"https:\/\/www.stefanschwab.ch\/fr\/wp-json\/wp\/v2\/comments?post=328"}],"version-history":[{"count":3,"href":"https:\/\/www.stefanschwab.ch\/fr\/wp-json\/wp\/v2\/pages\/328\/revisions"}],"predecessor-version":[{"id":367,"href":"https:\/\/www.stefanschwab.ch\/fr\/wp-json\/wp\/v2\/pages\/328\/revisions\/367"}],"wp:featuredmedia":[{"embeddable":true,"href":"https:\/\/www.stefanschwab.ch\/fr\/wp-json\/wp\/v2\/media\/726"}],"wp:attachment":[{"href":"https:\/\/www.stefanschwab.ch\/fr\/wp-json\/wp\/v2\/media?parent=328"}],"curies":[{"name":"wp","href":"https:\/\/api.w.org\/{rel}","templated":true}]}}